
{"id":306,"date":"2022-02-23T01:19:53","date_gmt":"2022-02-23T01:19:53","guid":{"rendered":"https:\/\/tetracore-it.com\/?page_id=306"},"modified":"2022-02-23T01:21:39","modified_gmt":"2022-02-23T01:21:39","slug":"consultant-cloud-devops","status":"publish","type":"page","link":"https:\/\/tetracore-it.com\/index.php\/consultant-cloud-devops\/","title":{"rendered":"Consultant Cloud\/DevOps\u00a0"},"content":{"rendered":"\n<p><strong>Tetracore-IT France<\/strong>\u00a0recherche 3\u00a0<strong>DevOps\u00a0<\/strong>pour un de ses clients parisiens:\u00a0<\/p>\n\n\n\n<p>&nbsp;&nbsp;&nbsp;Int\u00e9gr\u00e9(e) au sein de la direction Op\u00e9rations &amp; Int\u00e9gration de D_Next, rattach\u00e9 au responsable de l\u2019\u00e9quipe Cloud\/Devops du d\u00e9partement infrastructure et op\u00e9rations.Apr\u00e8s onboarding au sein de l\u2019\u00e9quipe Cloud\/devops, le candidat sera progressivement int\u00e9gr\u00e9 \u00e0 notre Tribe E-motion (back ecommerce)<\/p>\n\n\n\n<p><strong><em>Obligatoire<\/em><\/strong><br>\u2022\u00a0\u00a0\u00a0Azure<br>\u00a0\u00a0\u00a0\u00a0o\u00a0\u00a0\u00a0Azure Active Directory (gestion des identit\u00e9s, service principal, mod\u00e8le RBAC)<br>\u00a0\u00a0\u00a0\u00a0o\u00a0\u00a0\u00a0Azure IaaS (VM, network, NSG, storage)<br>\u00a0\u00a0\u00a0\u00a0o\u00a0\u00a0\u00a0Azure PaaS (Web App, Application Gateway, Traffic Manager, Azure SQL Server Database, Cosmos DB, Azure Function, KeyVault, Load Balancer, Recovery Vault)<br>\u2022\u00a0\u00a0\u00a0IaC: Terraform (AzureRM Provider) et\/ou ARM<br>\u2022\u00a0\u00a0\u00a0Azure Devops (administration, gestion des acc\u00e8s, pipelines, git, build agents)<br>\u2022\u00a0\u00a0\u00a0Azure CLI et\/ou Powershell<br>\u2022\u00a0\u00a0\u00a0Notions en d\u00e9veloppement, id\u00e9alement sur Node<br>\u2022\u00a0\u00a0\u00a0Notions sur les concepts cloud Network hub &amp; spoke<br>\u2022\u00a0\u00a0\u00a0Passionn\u00e9Nice to have<br>\u2022\u00a0\u00a0\u00a0Automatatisation: Ansible, Bicep<br>\u2022\u00a0\u00a0\u00a0Cloud: GCP, Aliyun<br>\u2022\u00a0\u00a0\u00a0Containers: managed Kubernetes (AKS, ACK)<br>\u2022\u00a0\u00a0\u00a0OS: Linux<br>\u2022\u00a0\u00a0\u00a0Big data: Elastic search, Logstach, Kibana<br>\u2022\u00a0\u00a0\u00a0Approche FinopsAutres<br>\u2022\u00a0\u00a0\u00a0Ma\u00eetrise de l&#8217;Anglais professionnel (lu, \u00e9crit, parl\u00e9)<br>\u2022\u00a0\u00a0\u00a0Organisation et capacit\u00e9 r\u00e9dactionnelle (apte \u00e0 documenter le travail accompli et \u00e0 faire du reporting)<br>\u2022\u00a0\u00a0\u00a0Autonomie, capacit\u00e9 \u00e0 apprendre, \u00eatre force de proposition, \u00eatre acteur de l&#8217;am\u00e9lioration continue<\/p>\n\n\n\n<div class=\"forminator-guttenberg\"><div class=\"forminator-ui forminator-custom-form forminator-custom-form-56 forminator-design--default  forminator_ajax\" data-forminator-render=\"0\" data-form=\"forminator-module-56\" data-uid=\"69de6c3e15c89\"><br\/><\/div><form\n\t\t\t\tid=\"forminator-module-56\"\n\t\t\t\tclass=\"forminator-ui forminator-custom-form forminator-custom-form-56 forminator-design--default  forminator_ajax\"\n\t\t\t\tmethod=\"post\"\n\t\t\t\tdata-forminator-render=\"0\"\n\t\t\t\tdata-form-id=\"56\"\n\t\t\t\tenctype=\"multipart\/form-data\" data-color-option=\"default\" data-design=\"default\" data-grid=\"open\" style=\"display: none;\"\n\t\t\t\tdata-uid=\"69de6c3e15c89\"\n\t\t\t><div role=\"alert\" aria-live=\"polite\" class=\"forminator-response-message forminator-error\" aria-hidden=\"true\"><\/div><div class=\"forminator-row\"><div id=\"name-1\" class=\"forminator-field-name forminator-col forminator-col-12 \"><div class=\"forminator-field\"><label for=\"forminator-field-name-1_69de6c3e15c89\" id=\"forminator-field-name-1_69de6c3e15c89-label\" class=\"forminator-label\">First Name <span class=\"forminator-required\">*<\/span><\/label><input type=\"text\" name=\"name-1\" value=\"\" placeholder=\"E.g. John\" id=\"forminator-field-name-1_69de6c3e15c89\" class=\"forminator-input forminator-name--field\" aria-required=\"true\" autocomplete=\"name\" \/><\/div><\/div><\/div><div class=\"forminator-row\"><div id=\"name-2\" class=\"forminator-field-name forminator-col forminator-col-12 \"><div class=\"forminator-field\"><label for=\"forminator-field-name-2_69de6c3e15c89\" id=\"forminator-field-name-2_69de6c3e15c89-label\" class=\"forminator-label\">Last Name <span class=\"forminator-required\">*<\/span><\/label><input type=\"text\" name=\"name-2\" value=\"\" placeholder=\"E.g. Smith\" id=\"forminator-field-name-2_69de6c3e15c89\" class=\"forminator-input forminator-name--field\" aria-required=\"true\" autocomplete=\"name\" \/><\/div><\/div><\/div><div class=\"forminator-row\"><div id=\"email-1\" class=\"forminator-field-email forminator-col forminator-col-12 \"><div class=\"forminator-field\"><label for=\"forminator-field-email-1_69de6c3e15c89\" id=\"forminator-field-email-1_69de6c3e15c89-label\" class=\"forminator-label\">Email Address <span class=\"forminator-required\">*<\/span><\/label><input type=\"email\" name=\"email-1\" value=\"\" placeholder=\"E.g. john@doe.com\" id=\"forminator-field-email-1_69de6c3e15c89\" class=\"forminator-input forminator-email--field\" data-required=\"true\" aria-required=\"true\" autocomplete=\"email\" \/><\/div><\/div><\/div><div class=\"forminator-row\"><div id=\"phone-1\" class=\"forminator-field-phone forminator-col forminator-col-12 \"><div class=\"forminator-field\"><label for=\"forminator-field-phone-1_69de6c3e15c89\" id=\"forminator-field-phone-1_69de6c3e15c89-label\" class=\"forminator-label\">Phone Number <span class=\"forminator-required\">*<\/span><\/label><input type=\"text\" name=\"phone-1\" value=\"\" placeholder=\"E.g. +1 3004005000\" id=\"forminator-field-phone-1_69de6c3e15c89\" class=\"forminator-input forminator-field--phone\" data-required=\"1\" aria-required=\"true\" autocomplete=\"off\" \/><\/div><\/div><\/div><div class=\"forminator-row\"><div id=\"name-3\" class=\"forminator-field-name forminator-col forminator-col-12 \"><div class=\"forminator-field\"><label for=\"forminator-field-name-3_69de6c3e15c89\" id=\"forminator-field-name-3_69de6c3e15c89-label\" class=\"forminator-label\">Address <span class=\"forminator-required\">*<\/span><\/label><input type=\"text\" name=\"name-3\" value=\"\" placeholder=\"E.g. 123 South Avenue\" id=\"forminator-field-name-3_69de6c3e15c89\" class=\"forminator-input forminator-name--field\" aria-required=\"true\" autocomplete=\"name\" \/><\/div><\/div><\/div><div class=\"forminator-row\"><div id=\"textarea-1\" class=\"forminator-field-textarea forminator-col forminator-col-12 \"><div class=\"forminator-field\"><label for=\"forminator-field-textarea-1_69de6c3e15c89\" id=\"forminator-field-textarea-1_69de6c3e15c89-label\" class=\"forminator-label\">Message<\/label><textarea name=\"textarea-1\" placeholder=\"Enter your message...\" id=\"forminator-field-textarea-1_69de6c3e15c89\" class=\"forminator-textarea\" rows=\"6\" style=\"min-height:140px;\" maxlength=\"180\" ><\/textarea><span id=\"forminator-field-textarea-1_69de6c3e15c89-description\" class=\"forminator-description\"><span data-limit=\"180\" data-type=\"characters\" data-editor=\"\">0 \/ 180<\/span><\/span><\/div><\/div><\/div><div class=\"forminator-row\"><div id=\"upload-1\" class=\"forminator-field-upload forminator-col forminator-col-12 \"><div class=\"forminator-field\"><label for=\"forminator-field-upload-1_69de6c3e15c89\" id=\"forminator-field-upload-1_69de6c3e15c89-label\" class=\"forminator-label\">Upload CV <span class=\"forminator-required\">*<\/span><\/label><div class=\"forminator-file-upload \" data-element=\"upload-1_69de6c3e15c89\"><input type=\"file\" name=\"upload-1\" id=\"forminator-field-upload-1_69de6c3e15c89\" class=\"forminator-input-file-required do-validate\" accept=\".webp,.doc,.pdf,.odt\" tabindex=\"-1\"><button id=\"forminator-field-upload-1_69de6c3e15c89_button\" class=\"forminator-button forminator-button-upload\" data-id=\"forminator-field-upload-1_69de6c3e15c89\">Choose File<\/button><span data-empty-text=\"No file chosen\">No file chosen<\/span><button class=\"forminator-button-delete\" style=\"display: none;\"><i class=\"forminator-icon-close\" aria-hidden=\"true\"><\/i><span class=\"forminator-screen-reader-only\">Delete uploaded file<\/span><\/button><\/div><\/div><\/div><\/div><input type=\"hidden\" name=\"referer_url\" value=\"\" \/><div class=\"forminator-row forminator-row-last\"><div class=\"forminator-col\"><div class=\"forminator-field\"><button class=\"forminator-button forminator-button-submit\">Submit<\/button><\/div><\/div><\/div><input type=\"hidden\" id=\"forminator_nonce\" name=\"forminator_nonce\" value=\"8da8084b8c\" \/><input type=\"hidden\" name=\"_wp_http_referer\" value=\"\/index.php\/wp-json\/wp\/v2\/pages\/306\" \/><input type=\"hidden\" name=\"form_id\" value=\"56\"><input type=\"hidden\" name=\"page_id\" value=\"306\"><input type=\"hidden\" name=\"form_type\" value=\"default\"><input type=\"hidden\" name=\"current_url\" value=\"https:\/\/tetracore-it.com\/index.php\/consultant-cloud-devops\/\"><input type=\"hidden\" name=\"render_id\" value=\"0\"><input type=\"hidden\" name=\"action\" value=\"forminator_submit_form_custom-forms\"><\/form><\/div>\n","protected":false},"excerpt":{"rendered":"<p>Tetracore-IT France\u00a0recherche 3\u00a0DevOps\u00a0pour un de ses clients parisiens:\u00a0 &nbsp;&nbsp;&nbsp;Int\u00e9gr\u00e9(e) au sein de la direction Op\u00e9rations &amp; Int\u00e9gration de D_Next, rattach\u00e9 au responsable de l\u2019\u00e9quipe Cloud\/Devops du d\u00e9partement infrastructure et op\u00e9rations.Apr\u00e8s onboarding au sein de l\u2019\u00e9quipe Cloud\/devops, le candidat sera progressivement int\u00e9gr\u00e9 \u00e0 notre Tribe E-motion (back ecommerce) Obligatoire\u2022\u00a0\u00a0\u00a0Azure\u00a0\u00a0\u00a0\u00a0o\u00a0\u00a0\u00a0Azure Active Directory (gestion des identit\u00e9s, service principal, [&hellip;]<\/p>\n","protected":false},"author":1,"featured_media":0,"parent":0,"menu_order":0,"comment_status":"closed","ping_status":"closed","template":"","meta":{"_monsterinsights_skip_tracking":false,"_monsterinsights_sitenote_active":false,"_monsterinsights_sitenote_note":"","_monsterinsights_sitenote_category":0,"footnotes":""},"_links":{"self":[{"href":"https:\/\/tetracore-it.com\/index.php\/wp-json\/wp\/v2\/pages\/306"}],"collection":[{"href":"https:\/\/tetracore-it.com\/index.php\/wp-json\/wp\/v2\/pages"}],"about":[{"href":"https:\/\/tetracore-it.com\/index.php\/wp-json\/wp\/v2\/types\/page"}],"author":[{"embeddable":true,"href":"https:\/\/tetracore-it.com\/index.php\/wp-json\/wp\/v2\/users\/1"}],"replies":[{"embeddable":true,"href":"https:\/\/tetracore-it.com\/index.php\/wp-json\/wp\/v2\/comments?post=306"}],"version-history":[{"count":2,"href":"https:\/\/tetracore-it.com\/index.php\/wp-json\/wp\/v2\/pages\/306\/revisions"}],"predecessor-version":[{"id":309,"href":"https:\/\/tetracore-it.com\/index.php\/wp-json\/wp\/v2\/pages\/306\/revisions\/309"}],"wp:attachment":[{"href":"https:\/\/tetracore-it.com\/index.php\/wp-json\/wp\/v2\/media?parent=306"}],"curies":[{"name":"wp","href":"https:\/\/api.w.org\/{rel}","templated":true}]}}