
{"id":283,"date":"2022-02-22T00:13:06","date_gmt":"2022-02-22T00:13:06","guid":{"rendered":"https:\/\/tetracore-it.com\/?page_id=283"},"modified":"2022-02-22T00:13:07","modified_gmt":"2022-02-22T00:13:07","slug":"ingenieur-systemes-et-reseaux-stage-6-mois-fes-maroc","status":"publish","type":"page","link":"https:\/\/tetracore-it.com\/index.php\/ingenieur-systemes-et-reseaux-stage-6-mois-fes-maroc\/","title":{"rendered":"Ing\u00e9nieur syst\u00e8mes et reseaux \u2013 stage 6 mois \u2013 F\u00e8s, Maroc"},"content":{"rendered":"\n<p><strong>Contexte:<\/strong><\/p>\n\n\n\n<p>Dans le cadre de nos activit\u00e9s d\u2019infog\u00e9rance syst\u00e8me et r\u00e9seau, nous g\u00e9rons des plateformes techniques complexes pour le compte de nos clients Middle Market. Ces \u00e9quipements sont pour partie situ\u00e9s sur les sites de nos clients ou encore sur du cloud Public (Azure ou AWS).<\/p>\n\n\n\n<p>Dans le cadre de la croissance de notre \u00e9quipe de production, nous cherchons un stagiaire en tant qu\u2019administrateur syst\u00e8me et r\u00e9seau, qui int\u00e9grera l\u2019\u00e9quipe d\u2019ing\u00e9nieur de production&nbsp;<strong>TetracoreIT<\/strong>.<\/p>\n\n\n\n<ul><li>Tu seras encadr\u00e9 par un ing\u00e9nieur exp\u00e9riment\u00e9 mais toute l\u2019\u00e9quipe sera l\u00e0 pour t\u2019aider \u00e0 monter en comp\u00e9tence sur les t\u00e2ches suivantes :<\/li><li>R\u00e9soudre des incidents de production.<\/li><li>Mettre en place les changements et \u00e9volutions sur les syst\u00e8mes, y compris parfois sous forme de projets (ex : installation et configuration de nouveaux firewall).<\/li><li>Aider au bon fonctionnement des plateformes de nos clients.<\/li><li>R\u00e9diger la documentation technique.<\/li><li>Participer \u00e0 l\u2019optimisation de nos syst\u00e8mes de production.<\/li><\/ul>\n\n\n\n<p><strong>Environnement technique :<\/strong><\/p>\n\n\n\n<p>D\u00e9sol\u00e9 pour cette (longue) liste, mais nous n\u2019avons pas trouv\u00e9 mieux pour te montrer l\u2019\u00e9tendu du scope technique sur lequel tu travailleras !<\/p>\n\n\n\n<ul><li>Cloud : AWS, Microsoft Azure, Office 365.<\/li><li>R\u00e9seau : LAN (Cisco Nexus et Catalyst, Meraki, HP, etc.), Firewalls (Fortinet, Checkpoint)<\/li><li>Environnements Linux : Debian, NGINX, Apache, Proftpd.<\/li><li>Environnement Windows : OS Windows Serveur (2012\/2016\/2019), Active Directory, PKI Microsoft.<\/li><li>Virtualisation \/ Infrastructure : VMware, SAN Dell EMC.<\/li><li>Supervision : Centreon (Nagios).<\/li><li>BDD : MySQL, MS SQL server, ElasticSearch, PostgreSQL ou MongoDB&nbsp;<\/li><li>Scripting : Puppet, Ansible, Shell, Powershell, Python.<\/li><li>D\u00e9ploiement continu : GitLab-ci.<\/li><\/ul>\n\n\n\n<p><strong>Qualifications :<\/strong><\/p>\n\n\n\n<p>Id\u00e9alement tu es \/ as&nbsp;<\/p>\n\n\n\n<ul><li>En \u00e9cole d\u2019ing\u00e9nieur ou formation universitaire avec une sp\u00e9cialisation r\u00e9seaux, syst\u00e8mes ou s\u00e9curit\u00e9.<\/li><li>Tu as des connaissances g\u00e9n\u00e9rales sur les serveurs Windows et Linux, les diff\u00e9rents composants r\u00e9seaux (firewalls, switchs\u2026).&nbsp;<\/li><li>Tu as un attrait fort pour la technique et souhaites progresser dans un environnement h\u00e9t\u00e9roclite (VMware, Azure, AWS).&nbsp;<\/li><\/ul>\n\n\n\n<p><strong>Informations suppl\u00e9mentaires :<\/strong><\/p>\n\n\n\n<p>Les + de ce stage&nbsp;<\/p>\n\n\n\n<ul><li>Un stage au sein de l\u2019\u00e9quipe de production de&nbsp;<strong>TetracoreIT<\/strong>&nbsp;, c\u2019est l\u2019opportunit\u00e9 de travailler avec des personnes sp\u00e9cialis\u00e9es dans le domaine et fortes d\u2019une exp\u00e9rience de plusieurs ann\u00e9es.&nbsp;<\/li><li>Ce stage est vu comme une p\u00e9riode de pr\u00e9-embauche. Un poste en CDI pourrait donc \u00eatre propos\u00e9 \u00e0 son issue.<\/li><li>Stage de 6 mois<\/li><li>Bas\u00e9 \u00e0 F\u00e8s.<\/li><\/ul>\n\n\n\n<p><strong>Postule et rejoins l\u2019\u00e9quipe !<\/strong><\/p>\n\n\n\n<div class=\"forminator-guttenberg\"><div class=\"forminator-ui forminator-custom-form forminator-custom-form-56 forminator-design--default  forminator_ajax\" data-forminator-render=\"0\" data-form=\"forminator-module-56\" data-uid=\"69e242ed61551\"><br\/><\/div><form\n\t\t\t\tid=\"forminator-module-56\"\n\t\t\t\tclass=\"forminator-ui forminator-custom-form forminator-custom-form-56 forminator-design--default  forminator_ajax\"\n\t\t\t\tmethod=\"post\"\n\t\t\t\tdata-forminator-render=\"0\"\n\t\t\t\tdata-form-id=\"56\"\n\t\t\t\tenctype=\"multipart\/form-data\" data-color-option=\"default\" data-design=\"default\" data-grid=\"open\" style=\"display: none;\"\n\t\t\t\tdata-uid=\"69e242ed61551\"\n\t\t\t><div role=\"alert\" aria-live=\"polite\" class=\"forminator-response-message forminator-error\" aria-hidden=\"true\"><\/div><div class=\"forminator-row\"><div id=\"name-1\" class=\"forminator-field-name forminator-col forminator-col-12 \"><div class=\"forminator-field\"><label for=\"forminator-field-name-1_69e242ed61551\" id=\"forminator-field-name-1_69e242ed61551-label\" class=\"forminator-label\">First Name <span class=\"forminator-required\">*<\/span><\/label><input type=\"text\" name=\"name-1\" value=\"\" placeholder=\"E.g. John\" id=\"forminator-field-name-1_69e242ed61551\" class=\"forminator-input forminator-name--field\" aria-required=\"true\" autocomplete=\"name\" \/><\/div><\/div><\/div><div class=\"forminator-row\"><div id=\"name-2\" class=\"forminator-field-name forminator-col forminator-col-12 \"><div class=\"forminator-field\"><label for=\"forminator-field-name-2_69e242ed61551\" id=\"forminator-field-name-2_69e242ed61551-label\" class=\"forminator-label\">Last Name <span class=\"forminator-required\">*<\/span><\/label><input type=\"text\" name=\"name-2\" value=\"\" placeholder=\"E.g. Smith\" id=\"forminator-field-name-2_69e242ed61551\" class=\"forminator-input forminator-name--field\" aria-required=\"true\" autocomplete=\"name\" \/><\/div><\/div><\/div><div class=\"forminator-row\"><div id=\"email-1\" class=\"forminator-field-email forminator-col forminator-col-12 \"><div class=\"forminator-field\"><label for=\"forminator-field-email-1_69e242ed61551\" id=\"forminator-field-email-1_69e242ed61551-label\" class=\"forminator-label\">Email Address <span class=\"forminator-required\">*<\/span><\/label><input type=\"email\" name=\"email-1\" value=\"\" placeholder=\"E.g. john@doe.com\" id=\"forminator-field-email-1_69e242ed61551\" class=\"forminator-input forminator-email--field\" data-required=\"true\" aria-required=\"true\" autocomplete=\"email\" \/><\/div><\/div><\/div><div class=\"forminator-row\"><div id=\"phone-1\" class=\"forminator-field-phone forminator-col forminator-col-12 \"><div class=\"forminator-field\"><label for=\"forminator-field-phone-1_69e242ed61551\" id=\"forminator-field-phone-1_69e242ed61551-label\" class=\"forminator-label\">Phone Number <span class=\"forminator-required\">*<\/span><\/label><input type=\"text\" name=\"phone-1\" value=\"\" placeholder=\"E.g. +1 3004005000\" id=\"forminator-field-phone-1_69e242ed61551\" class=\"forminator-input forminator-field--phone\" data-required=\"1\" aria-required=\"true\" autocomplete=\"off\" \/><\/div><\/div><\/div><div class=\"forminator-row\"><div id=\"name-3\" class=\"forminator-field-name forminator-col forminator-col-12 \"><div class=\"forminator-field\"><label for=\"forminator-field-name-3_69e242ed61551\" id=\"forminator-field-name-3_69e242ed61551-label\" class=\"forminator-label\">Address <span class=\"forminator-required\">*<\/span><\/label><input type=\"text\" name=\"name-3\" value=\"\" placeholder=\"E.g. 123 South Avenue\" id=\"forminator-field-name-3_69e242ed61551\" class=\"forminator-input forminator-name--field\" aria-required=\"true\" autocomplete=\"name\" \/><\/div><\/div><\/div><div class=\"forminator-row\"><div id=\"textarea-1\" class=\"forminator-field-textarea forminator-col forminator-col-12 \"><div class=\"forminator-field\"><label for=\"forminator-field-textarea-1_69e242ed61551\" id=\"forminator-field-textarea-1_69e242ed61551-label\" class=\"forminator-label\">Message<\/label><textarea name=\"textarea-1\" placeholder=\"Enter your message...\" id=\"forminator-field-textarea-1_69e242ed61551\" class=\"forminator-textarea\" rows=\"6\" style=\"min-height:140px;\" maxlength=\"180\" ><\/textarea><span id=\"forminator-field-textarea-1_69e242ed61551-description\" class=\"forminator-description\"><span data-limit=\"180\" data-type=\"characters\" data-editor=\"\">0 \/ 180<\/span><\/span><\/div><\/div><\/div><div class=\"forminator-row\"><div id=\"upload-1\" class=\"forminator-field-upload forminator-col forminator-col-12 \"><div class=\"forminator-field\"><label for=\"forminator-field-upload-1_69e242ed61551\" id=\"forminator-field-upload-1_69e242ed61551-label\" class=\"forminator-label\">Upload CV <span class=\"forminator-required\">*<\/span><\/label><div class=\"forminator-file-upload \" data-element=\"upload-1_69e242ed61551\"><input type=\"file\" name=\"upload-1\" id=\"forminator-field-upload-1_69e242ed61551\" class=\"forminator-input-file-required do-validate\" accept=\".webp,.doc,.pdf,.odt\" tabindex=\"-1\"><button id=\"forminator-field-upload-1_69e242ed61551_button\" class=\"forminator-button forminator-button-upload\" data-id=\"forminator-field-upload-1_69e242ed61551\">Choose File<\/button><span data-empty-text=\"No file chosen\">No file chosen<\/span><button class=\"forminator-button-delete\" style=\"display: none;\"><i class=\"forminator-icon-close\" aria-hidden=\"true\"><\/i><span class=\"forminator-screen-reader-only\">Delete uploaded file<\/span><\/button><\/div><\/div><\/div><\/div><input type=\"hidden\" name=\"referer_url\" value=\"\" \/><div class=\"forminator-row forminator-row-last\"><div class=\"forminator-col\"><div class=\"forminator-field\"><button class=\"forminator-button forminator-button-submit\">Submit<\/button><\/div><\/div><\/div><input type=\"hidden\" id=\"forminator_nonce\" name=\"forminator_nonce\" value=\"c147389dba\" \/><input type=\"hidden\" name=\"_wp_http_referer\" value=\"\/index.php\/wp-json\/wp\/v2\/pages\/283\" \/><input type=\"hidden\" name=\"form_id\" value=\"56\"><input type=\"hidden\" name=\"page_id\" value=\"283\"><input type=\"hidden\" name=\"form_type\" value=\"default\"><input type=\"hidden\" name=\"current_url\" value=\"https:\/\/tetracore-it.com\/index.php\/ingenieur-systemes-et-reseaux-stage-6-mois-fes-maroc\/\"><input type=\"hidden\" name=\"render_id\" value=\"0\"><input type=\"hidden\" name=\"action\" value=\"forminator_submit_form_custom-forms\"><\/form><\/div>\n","protected":false},"excerpt":{"rendered":"<p>Contexte: Dans le cadre de nos activit\u00e9s d\u2019infog\u00e9rance syst\u00e8me et r\u00e9seau, nous g\u00e9rons des plateformes techniques complexes pour le compte de nos clients Middle Market. Ces \u00e9quipements sont pour partie situ\u00e9s sur les sites de nos clients ou encore sur du cloud Public (Azure ou AWS). Dans le cadre de la croissance de notre \u00e9quipe [&hellip;]<\/p>\n","protected":false},"author":1,"featured_media":0,"parent":0,"menu_order":0,"comment_status":"closed","ping_status":"closed","template":"","meta":{"_monsterinsights_skip_tracking":false,"_monsterinsights_sitenote_active":false,"_monsterinsights_sitenote_note":"","_monsterinsights_sitenote_category":0,"footnotes":""},"_links":{"self":[{"href":"https:\/\/tetracore-it.com\/index.php\/wp-json\/wp\/v2\/pages\/283"}],"collection":[{"href":"https:\/\/tetracore-it.com\/index.php\/wp-json\/wp\/v2\/pages"}],"about":[{"href":"https:\/\/tetracore-it.com\/index.php\/wp-json\/wp\/v2\/types\/page"}],"author":[{"embeddable":true,"href":"https:\/\/tetracore-it.com\/index.php\/wp-json\/wp\/v2\/users\/1"}],"replies":[{"embeddable":true,"href":"https:\/\/tetracore-it.com\/index.php\/wp-json\/wp\/v2\/comments?post=283"}],"version-history":[{"count":1,"href":"https:\/\/tetracore-it.com\/index.php\/wp-json\/wp\/v2\/pages\/283\/revisions"}],"predecessor-version":[{"id":284,"href":"https:\/\/tetracore-it.com\/index.php\/wp-json\/wp\/v2\/pages\/283\/revisions\/284"}],"wp:attachment":[{"href":"https:\/\/tetracore-it.com\/index.php\/wp-json\/wp\/v2\/media?parent=283"}],"curies":[{"name":"wp","href":"https:\/\/api.w.org\/{rel}","templated":true}]}}